{"id":126,"date":"2023-06-19T18:30:43","date_gmt":"2023-06-19T21:30:43","guid":{"rendered":"https:\/\/coffeemoviemusic.com\/?page_id=126"},"modified":"2023-06-19T18:30:46","modified_gmt":"2023-06-19T21:30:46","slug":"politica-de-cookies","status":"publish","type":"page","link":"https:\/\/coffeemoviemusic.com\/index.php\/politica-de-cookies\/","title":{"rendered":"Pol\u00edtica de Cookies"},"content":{"rendered":"\n<p>O QUE S\u00c3O COOKIES?<\/p>\n\n\n\n<p>Os cookies s\u00e3o utilizados no site para melhorar o desempenho e a sua experi\u00eancia como utilizador. Por favor leia a informa\u00e7\u00e3o abaixo cuidadosamente para que possa entender as nossas pr\u00e1ticas relativamente como lidamos com a sua informa\u00e7\u00e3o pessoal e como tratamos essa informa\u00e7\u00e3o.<\/p>\n\n\n\n<p><strong>QUAIS COOKIES O NOSSO SITE UTILIZA?<\/strong><\/p>\n\n\n\n<p><strong>Cookies essenciais:<\/strong> Estes cookies s\u00e3o necess\u00e1rios para fornecer os servi\u00e7os dispon\u00edveis no nosso website, para que voc\u00ea seja capaz de utilizar algumas das suas funcionalidades. Por exemplo, poder\u00e3o permitir que voc\u00ea fa\u00e7a login na \u00e1rea de membro, ou que carregue o conte\u00fado do nosso website rapidamente. Sem estes cookies muitos dos servi\u00e7os dispon\u00edveis no nosso website poder\u00e3o n\u00e3o funcionar corretamente, e s\u00f3 usamos estes cookies para providenciar-lhe um bom servi\u00e7o.<\/p>\n\n\n\n<p><strong>Cookies de fun\u00e7\u00f5es:<\/strong> Estes cookies permitem recordar as escolhas que voc\u00ea j\u00e1 fez no nosso website, como por exemplo a l\u00edngua, detalhes de login, assim como outras escolhas que fez que possam ser personalizadas por si. O prop\u00f3sito deste cookies \u00e9 relembrar todas as escolhas que voc\u00ea fez de forma a criar uma experi\u00eancia mais personalizada sem ter que inserir novamente os seus dados no nosso website.<\/p>\n\n\n\n<p><strong>Cookies de an\u00e1lise e performance:<\/strong> Estes cookies servem para recolher informa\u00e7\u00f5es sobre o tr\u00e1fego do nosso website e como os utilizadores utilizam e navegam no website. A informa\u00e7\u00e3o recolhida n\u00e3o identifica em particular nenhum utilizador. Inclui o n\u00famero de visitantes no nosso website, os websites que indicam o nosso website, as p\u00e1ginas que os utilizadores visitam, os poss\u00edveis websites que eles visitaram anteriormente e outras informa\u00e7\u00f5es similares. N\u00f3s utilizamos estas informa\u00e7\u00f5es para melhorar e monitorar a atividade do nosso website.<\/p>\n\n\n\n<p>N\u00f3s utilizamos o Google Analytics com este prop\u00f3sito. Google Analytics utiliza os seus pr\u00f3prios cookies. \u00c9 somente utilizado para melhorar a forma como o nosso website funciona.<\/p>\n\n\n\n<p>Saiba mais como o Google protege os seus dados aqui:<\/p>\n\n\n\n<p><a href=\"http:\/\/www.google.com\/analytics\/learn\/privacy.html\">http:\/\/www.google.com\/analytics\/learn\/privacy.html<\/a><\/p>\n\n\n\n<p>Voc\u00ea pode evitar o uso deste cookie do Google Analytics no seu browser ao instalar uma extens\u00e3o no Google Chrome, poder\u00e1 baixar esta extens\u00e3o aqui:<\/p>\n\n\n\n<p><a href=\"https:\/\/tools.google.com\/dlpage\/gaoptout?hl=en-GB\">https:\/\/tools.google.com\/dlpage\/gaoptout?hl=en-GB<\/a><\/p>\n\n\n\n<p>Cookies de publicidade: Estes cookies analisam a forma como navega para podermos mostrar-lhe an\u00fancios que provavelmente ser\u00e3o do seu interesse. Estes cookies utilizam a informa\u00e7\u00e3o do seu hist\u00f3rico de navega\u00e7\u00e3o que com a sua permiss\u00e3o mostrar-lhe an\u00fancios relevantes de terceiros, baseado nos seus interesses. Voc\u00ea pode desabilitar cookies que guardam o hist\u00f3rico da sua navega\u00e7\u00e3o, visitando o website https:\/\/www.youronlinechoices.com\/uk\/your-ad-choices. Se escolher remover este tipo de cookies, voc\u00ea ver\u00e1 na mesma os an\u00fancios, mas n\u00e3o ser\u00e3o relevantes segundo os seus interesses.<\/p>\n\n\n\n<p>Cookies de redes sociais: Estes cookies s\u00e3o utilizados quando voc\u00ea compartilha informa\u00e7\u00e3o nas redes sociais, ou de alguma forma t\u00eam acesso aos nossos conte\u00fados atrav\u00e9s das redes sociais como o Facebook, Twitter, ou Google+.<\/p>\n","protected":false},"excerpt":{"rendered":"<p>O QUE S\u00c3O COOKIES? Os cookies s\u00e3o utilizados no site para melhorar o desempenho e a sua experi\u00eancia como utilizador.<\/p>\n","protected":false},"author":1,"featured_media":0,"parent":0,"menu_order":0,"comment_status":"closed","ping_status":"closed","template":"","meta":{"footnotes":""},"yoast_head":"<!-- This site is optimized with the Yoast SEO plugin v23.5 - https:\/\/yoast.com\/wordpress\/plugins\/seo\/ -->\n<title>Pol\u00edtica de Cookies -<\/title>\n<meta name=\"robots\" content=\"index, follow, max-snippet:-1, max-image-preview:large, max-video-preview:-1\" \/>\n<link rel=\"canonical\" href=\"https:\/\/coffeemoviemusic.com\/index.php\/politica-de-cookies\/\" \/>\n<meta property=\"og:locale\" content=\"pt_BR\" \/>\n<meta property=\"og:type\" content=\"article\" \/>\n<meta property=\"og:title\" content=\"Pol\u00edtica de Cookies -\" \/>\n<meta property=\"og:description\" content=\"O QUE S\u00c3O COOKIES? Os cookies s\u00e3o utilizados no site para melhorar o desempenho e a sua experi\u00eancia como utilizador.\" \/>\n<meta property=\"og:url\" content=\"https:\/\/coffeemoviemusic.com\/index.php\/politica-de-cookies\/\" \/>\n<meta property=\"article:modified_time\" content=\"2023-06-19T21:30:46+00:00\" \/>\n<meta name=\"twitter:card\" content=\"summary_large_image\" \/>\n<meta name=\"twitter:label1\" content=\"Est. tempo de leitura\" \/>\n\t<meta name=\"twitter:data1\" content=\"3 minutos\" \/>\n<script type=\"application\/ld+json\" class=\"yoast-schema-graph\">{\"@context\":\"https:\/\/schema.org\",\"@graph\":[{\"@type\":\"WebPage\",\"@id\":\"https:\/\/coffeemoviemusic.com\/index.php\/politica-de-cookies\/\",\"url\":\"https:\/\/coffeemoviemusic.com\/index.php\/politica-de-cookies\/\",\"name\":\"Pol\u00edtica de Cookies -\",\"isPartOf\":{\"@id\":\"https:\/\/coffeemoviemusic.com\/#website\"},\"datePublished\":\"2023-06-19T21:30:43+00:00\",\"dateModified\":\"2023-06-19T21:30:46+00:00\",\"breadcrumb\":{\"@id\":\"https:\/\/coffeemoviemusic.com\/index.php\/politica-de-cookies\/#breadcrumb\"},\"inLanguage\":\"pt-BR\",\"potentialAction\":[{\"@type\":\"ReadAction\",\"target\":[\"https:\/\/coffeemoviemusic.com\/index.php\/politica-de-cookies\/\"]}]},{\"@type\":\"BreadcrumbList\",\"@id\":\"https:\/\/coffeemoviemusic.com\/index.php\/politica-de-cookies\/#breadcrumb\",\"itemListElement\":[{\"@type\":\"ListItem\",\"position\":1,\"name\":\"In\u00edcio\",\"item\":\"https:\/\/coffeemoviemusic.com\/\"},{\"@type\":\"ListItem\",\"position\":2,\"name\":\"Pol\u00edtica de Cookies\"}]},{\"@type\":\"WebSite\",\"@id\":\"https:\/\/coffeemoviemusic.com\/#website\",\"url\":\"https:\/\/coffeemoviemusic.com\/\",\"name\":\"\",\"description\":\"Experi\u00eancia sensorial, cinematogr\u00e1fica e musical inesquec\u00edvel\",\"potentialAction\":[{\"@type\":\"SearchAction\",\"target\":{\"@type\":\"EntryPoint\",\"urlTemplate\":\"https:\/\/coffeemoviemusic.com\/?s={search_term_string}\"},\"query-input\":{\"@type\":\"PropertyValueSpecification\",\"valueRequired\":true,\"valueName\":\"search_term_string\"}}],\"inLanguage\":\"pt-BR\"}]}<\/script>\n<!-- \/ Yoast SEO plugin. -->","yoast_head_json":{"title":"Pol\u00edtica de Cookies -","robots":{"index":"index","follow":"follow","max-snippet":"max-snippet:-1","max-image-preview":"max-image-preview:large","max-video-preview":"max-video-preview:-1"},"canonical":"https:\/\/coffeemoviemusic.com\/index.php\/politica-de-cookies\/","og_locale":"pt_BR","og_type":"article","og_title":"Pol\u00edtica de Cookies -","og_description":"O QUE S\u00c3O COOKIES? Os cookies s\u00e3o utilizados no site para melhorar o desempenho e a sua experi\u00eancia como utilizador.","og_url":"https:\/\/coffeemoviemusic.com\/index.php\/politica-de-cookies\/","article_modified_time":"2023-06-19T21:30:46+00:00","twitter_card":"summary_large_image","twitter_misc":{"Est. tempo de leitura":"3 minutos"},"schema":{"@context":"https:\/\/schema.org","@graph":[{"@type":"WebPage","@id":"https:\/\/coffeemoviemusic.com\/index.php\/politica-de-cookies\/","url":"https:\/\/coffeemoviemusic.com\/index.php\/politica-de-cookies\/","name":"Pol\u00edtica de Cookies -","isPartOf":{"@id":"https:\/\/coffeemoviemusic.com\/#website"},"datePublished":"2023-06-19T21:30:43+00:00","dateModified":"2023-06-19T21:30:46+00:00","breadcrumb":{"@id":"https:\/\/coffeemoviemusic.com\/index.php\/politica-de-cookies\/#breadcrumb"},"inLanguage":"pt-BR","potentialAction":[{"@type":"ReadAction","target":["https:\/\/coffeemoviemusic.com\/index.php\/politica-de-cookies\/"]}]},{"@type":"BreadcrumbList","@id":"https:\/\/coffeemoviemusic.com\/index.php\/politica-de-cookies\/#breadcrumb","itemListElement":[{"@type":"ListItem","position":1,"name":"In\u00edcio","item":"https:\/\/coffeemoviemusic.com\/"},{"@type":"ListItem","position":2,"name":"Pol\u00edtica de Cookies"}]},{"@type":"WebSite","@id":"https:\/\/coffeemoviemusic.com\/#website","url":"https:\/\/coffeemoviemusic.com\/","name":"","description":"Experi\u00eancia sensorial, cinematogr\u00e1fica e musical inesquec\u00edvel","potentialAction":[{"@type":"SearchAction","target":{"@type":"EntryPoint","urlTemplate":"https:\/\/coffeemoviemusic.com\/?s={search_term_string}"},"query-input":{"@type":"PropertyValueSpecification","valueRequired":true,"valueName":"search_term_string"}}],"inLanguage":"pt-BR"}]}},"_links":{"self":[{"href":"https:\/\/coffeemoviemusic.com\/index.php\/wp-json\/wp\/v2\/pages\/126"}],"collection":[{"href":"https:\/\/coffeemoviemusic.com\/index.php\/wp-json\/wp\/v2\/pages"}],"about":[{"href":"https:\/\/coffeemoviemusic.com\/index.php\/wp-json\/wp\/v2\/types\/page"}],"author":[{"embeddable":true,"href":"https:\/\/coffeemoviemusic.com\/index.php\/wp-json\/wp\/v2\/users\/1"}],"replies":[{"embeddable":true,"href":"https:\/\/coffeemoviemusic.com\/index.php\/wp-json\/wp\/v2\/comments?post=126"}],"version-history":[{"count":0,"href":"https:\/\/coffeemoviemusic.com\/index.php\/wp-json\/wp\/v2\/pages\/126\/revisions"}],"wp:attachment":[{"href":"https:\/\/coffeemoviemusic.com\/index.php\/wp-json\/wp\/v2\/media?parent=126"}],"curies":[{"name":"wp","href":"https:\/\/api.w.org\/{rel}","templated":true}]}}