{"id":128,"date":"2023-06-19T18:36:38","date_gmt":"2023-06-19T21:36:38","guid":{"rendered":"https:\/\/coffeemoviemusic.com\/?page_id=128"},"modified":"2023-06-19T18:36:42","modified_gmt":"2023-06-19T21:36:42","slug":"politica-de-comentarios","status":"publish","type":"page","link":"https:\/\/coffeemoviemusic.com\/index.php\/politica-de-comentarios\/","title":{"rendered":"Pol\u00edtica de Coment\u00e1rios"},"content":{"rendered":"\n<p>Nosso site coffeemoviemusic.com tem o prazer de fornecer um sistema de coment\u00e1rios para promover discuss\u00f5es din\u00e2micas e democr\u00e1ticas entre nossos leitores. Este \u00e9 um espa\u00e7o para voc\u00ea tirar d\u00favidas, compartilhar opini\u00f5es e contribuir para o crescimento da nossa comunidade online. No entanto, para garantir um ambiente saud\u00e1vel e respeitoso para todos, pedimos que os usu\u00e1rios respeitem as seguintes diretrizes ao comentar:<\/p>\n\n\n\n<p>Comportamento Inaceit\u00e1vel:<\/p>\n\n\n\n<ul>\n<li>Publicar an\u00fancios ou spams.<\/li>\n\n\n\n<li>Falsificar sua identidade, representando outra pessoa, empresa ou institui\u00e7\u00e3o.<\/li>\n\n\n\n<li>Postar material de natureza pornogr\u00e1fica, racista, discriminat\u00f3ria ou ofensiva.<\/li>\n\n\n\n<li>Promover ou incentivar a pedofilia e\/ou a explora\u00e7\u00e3o de menores.<\/li>\n\n\n\n<li>Incitar ou discutir atividades ilegais.<\/li>\n\n\n\n<li>Postar v\u00e1rios coment\u00e1rios seguidos para aparecer na lista dos comentaristas mais ass\u00edduos.<\/li>\n\n\n\n<li>Incluir links para programas de afiliados nos coment\u00e1rios.<\/li>\n\n\n\n<li>Desviar o assunto do artigo ou conte\u00fado visualizado (off-topic).<\/li>\n\n\n\n<li>Postar coment\u00e1rios sem argumentos, apenas para desencadear discuss\u00f5es fora do tema proposto.<\/li>\n\n\n\n<li>Usar o sistema de coment\u00e1rios para fins comerciais.<\/li>\n\n\n\n<li>Participar em qualquer atividade que viole a lei.<\/li>\n\n\n\n<li>Realizar prega\u00e7\u00f5es religiosas.<\/li>\n\n\n\n<li>Reproduzir na \u00edntegra not\u00edcias publicadas em outros meios de comunica\u00e7\u00e3o.<\/li>\n<\/ul>\n\n\n\n<p>Comportamento Aceit\u00e1vel:<\/p>\n\n\n\n<ul>\n<li>Questionar ou solicitar esclarecimentos sobre o conte\u00fado publicado.<\/li>\n\n\n\n<li>Expressar sua opini\u00e3o, desde que em conformidade com as diretrizes acima.<\/li>\n\n\n\n<li>Contribuir de maneira construtiva para a comunidade coffeemoviemusic.com.<\/li>\n<\/ul>\n\n\n\n<p>Agradecemos sua participa\u00e7\u00e3o e esperamos continuar oferecendo um ambiente digital convidativo e enriquecedor para todos os nossos leitores.<\/p>\n","protected":false},"excerpt":{"rendered":"<p>Nosso site coffeemoviemusic.com tem o prazer de fornecer um sistema de coment\u00e1rios para promover discuss\u00f5es din\u00e2micas e democr\u00e1ticas entre nossos<\/p>\n","protected":false},"author":1,"featured_media":0,"parent":0,"menu_order":0,"comment_status":"closed","ping_status":"closed","template":"","meta":{"footnotes":""},"yoast_head":"<!-- This site is optimized with the Yoast SEO plugin v23.5 - https:\/\/yoast.com\/wordpress\/plugins\/seo\/ -->\n<title>Pol\u00edtica de Coment\u00e1rios -<\/title>\n<meta name=\"robots\" content=\"index, follow, max-snippet:-1, max-image-preview:large, max-video-preview:-1\" \/>\n<link rel=\"canonical\" href=\"https:\/\/coffeemoviemusic.com\/index.php\/politica-de-comentarios\/\" \/>\n<meta property=\"og:locale\" content=\"pt_BR\" \/>\n<meta property=\"og:type\" content=\"article\" \/>\n<meta property=\"og:title\" content=\"Pol\u00edtica de Coment\u00e1rios -\" \/>\n<meta property=\"og:description\" content=\"Nosso site coffeemoviemusic.com tem o prazer de fornecer um sistema de coment\u00e1rios para promover discuss\u00f5es din\u00e2micas e democr\u00e1ticas entre nossos\" \/>\n<meta property=\"og:url\" content=\"https:\/\/coffeemoviemusic.com\/index.php\/politica-de-comentarios\/\" \/>\n<meta property=\"article:modified_time\" content=\"2023-06-19T21:36:42+00:00\" \/>\n<meta name=\"twitter:card\" content=\"summary_large_image\" \/>\n<meta name=\"twitter:label1\" content=\"Est. tempo de leitura\" \/>\n\t<meta name=\"twitter:data1\" content=\"2 minutos\" \/>\n<script type=\"application\/ld+json\" class=\"yoast-schema-graph\">{\"@context\":\"https:\/\/schema.org\",\"@graph\":[{\"@type\":\"WebPage\",\"@id\":\"https:\/\/coffeemoviemusic.com\/index.php\/politica-de-comentarios\/\",\"url\":\"https:\/\/coffeemoviemusic.com\/index.php\/politica-de-comentarios\/\",\"name\":\"Pol\u00edtica de Coment\u00e1rios -\",\"isPartOf\":{\"@id\":\"https:\/\/coffeemoviemusic.com\/#website\"},\"datePublished\":\"2023-06-19T21:36:38+00:00\",\"dateModified\":\"2023-06-19T21:36:42+00:00\",\"breadcrumb\":{\"@id\":\"https:\/\/coffeemoviemusic.com\/index.php\/politica-de-comentarios\/#breadcrumb\"},\"inLanguage\":\"pt-BR\",\"potentialAction\":[{\"@type\":\"ReadAction\",\"target\":[\"https:\/\/coffeemoviemusic.com\/index.php\/politica-de-comentarios\/\"]}]},{\"@type\":\"BreadcrumbList\",\"@id\":\"https:\/\/coffeemoviemusic.com\/index.php\/politica-de-comentarios\/#breadcrumb\",\"itemListElement\":[{\"@type\":\"ListItem\",\"position\":1,\"name\":\"In\u00edcio\",\"item\":\"https:\/\/coffeemoviemusic.com\/\"},{\"@type\":\"ListItem\",\"position\":2,\"name\":\"Pol\u00edtica de Coment\u00e1rios\"}]},{\"@type\":\"WebSite\",\"@id\":\"https:\/\/coffeemoviemusic.com\/#website\",\"url\":\"https:\/\/coffeemoviemusic.com\/\",\"name\":\"\",\"description\":\"Experi\u00eancia sensorial, cinematogr\u00e1fica e musical inesquec\u00edvel\",\"potentialAction\":[{\"@type\":\"SearchAction\",\"target\":{\"@type\":\"EntryPoint\",\"urlTemplate\":\"https:\/\/coffeemoviemusic.com\/?s={search_term_string}\"},\"query-input\":{\"@type\":\"PropertyValueSpecification\",\"valueRequired\":true,\"valueName\":\"search_term_string\"}}],\"inLanguage\":\"pt-BR\"}]}<\/script>\n<!-- \/ Yoast SEO plugin. -->","yoast_head_json":{"title":"Pol\u00edtica de Coment\u00e1rios -","robots":{"index":"index","follow":"follow","max-snippet":"max-snippet:-1","max-image-preview":"max-image-preview:large","max-video-preview":"max-video-preview:-1"},"canonical":"https:\/\/coffeemoviemusic.com\/index.php\/politica-de-comentarios\/","og_locale":"pt_BR","og_type":"article","og_title":"Pol\u00edtica de Coment\u00e1rios -","og_description":"Nosso site coffeemoviemusic.com tem o prazer de fornecer um sistema de coment\u00e1rios para promover discuss\u00f5es din\u00e2micas e democr\u00e1ticas entre nossos","og_url":"https:\/\/coffeemoviemusic.com\/index.php\/politica-de-comentarios\/","article_modified_time":"2023-06-19T21:36:42+00:00","twitter_card":"summary_large_image","twitter_misc":{"Est. tempo de leitura":"2 minutos"},"schema":{"@context":"https:\/\/schema.org","@graph":[{"@type":"WebPage","@id":"https:\/\/coffeemoviemusic.com\/index.php\/politica-de-comentarios\/","url":"https:\/\/coffeemoviemusic.com\/index.php\/politica-de-comentarios\/","name":"Pol\u00edtica de Coment\u00e1rios -","isPartOf":{"@id":"https:\/\/coffeemoviemusic.com\/#website"},"datePublished":"2023-06-19T21:36:38+00:00","dateModified":"2023-06-19T21:36:42+00:00","breadcrumb":{"@id":"https:\/\/coffeemoviemusic.com\/index.php\/politica-de-comentarios\/#breadcrumb"},"inLanguage":"pt-BR","potentialAction":[{"@type":"ReadAction","target":["https:\/\/coffeemoviemusic.com\/index.php\/politica-de-comentarios\/"]}]},{"@type":"BreadcrumbList","@id":"https:\/\/coffeemoviemusic.com\/index.php\/politica-de-comentarios\/#breadcrumb","itemListElement":[{"@type":"ListItem","position":1,"name":"In\u00edcio","item":"https:\/\/coffeemoviemusic.com\/"},{"@type":"ListItem","position":2,"name":"Pol\u00edtica de Coment\u00e1rios"}]},{"@type":"WebSite","@id":"https:\/\/coffeemoviemusic.com\/#website","url":"https:\/\/coffeemoviemusic.com\/","name":"","description":"Experi\u00eancia sensorial, cinematogr\u00e1fica e musical inesquec\u00edvel","potentialAction":[{"@type":"SearchAction","target":{"@type":"EntryPoint","urlTemplate":"https:\/\/coffeemoviemusic.com\/?s={search_term_string}"},"query-input":{"@type":"PropertyValueSpecification","valueRequired":true,"valueName":"search_term_string"}}],"inLanguage":"pt-BR"}]}},"_links":{"self":[{"href":"https:\/\/coffeemoviemusic.com\/index.php\/wp-json\/wp\/v2\/pages\/128"}],"collection":[{"href":"https:\/\/coffeemoviemusic.com\/index.php\/wp-json\/wp\/v2\/pages"}],"about":[{"href":"https:\/\/coffeemoviemusic.com\/index.php\/wp-json\/wp\/v2\/types\/page"}],"author":[{"embeddable":true,"href":"https:\/\/coffeemoviemusic.com\/index.php\/wp-json\/wp\/v2\/users\/1"}],"replies":[{"embeddable":true,"href":"https:\/\/coffeemoviemusic.com\/index.php\/wp-json\/wp\/v2\/comments?post=128"}],"version-history":[{"count":0,"href":"https:\/\/coffeemoviemusic.com\/index.php\/wp-json\/wp\/v2\/pages\/128\/revisions"}],"wp:attachment":[{"href":"https:\/\/coffeemoviemusic.com\/index.php\/wp-json\/wp\/v2\/media?parent=128"}],"curies":[{"name":"wp","href":"https:\/\/api.w.org\/{rel}","templated":true}]}}